{"id":1777,"date":"2017-03-30T18:51:24","date_gmt":"2017-03-30T22:51:24","guid":{"rendered":"http:\/\/www.nightwire.net\/?page_id=1777"},"modified":"2017-03-30T18:51:24","modified_gmt":"2017-03-30T22:51:24","slug":"dark-brews-for-st-paddys-day-and-beyond","status":"publish","type":"page","link":"https:\/\/www.nightwire.net\/?page_id=1777","title":{"rendered":"Dark Brews for St. Paddy\u2019s Day and Beyond"},"content":{"rendered":"<p>Dark Brews for St. Paddy\u2019s Day and Beyond<\/p>\n<p>March brings with it not only the hope for an early end to winter, but one of our favorite holidays, too. St. Patrick\u2019s Day is celebrated around the world as a way to relax and have some fun, and while we can\u2019t condone any green beer, we can suggest a few dark beers to carry you through St. Paddy\u2019s Day and beyond because good beer knows no season, and dark beers are perfect year-round.<\/p>\n<p>Anderson Valley Brewing Co. Barney Flats Oatmeal Stout<br \/>\nOatmeal stouts are kind of like having breakfast in a bottle, in a good way. Brewed with both malted barley and oat, these beers feature a heavier body than you&#8217;ll find with other stouts while keeping bitterness in check. Anderson Valley brews their Barney Flats Oatmeal Stout with two varietals of hops and six different malts to give this beer a depth of character that&#8217;s hard to find elsewhere. Aromas of bread, espresso, and dried cherries hide just below the surface, and when paired with the roasty, toffee flavors, this beer will seem less like a heavy stout and more like a dream.<\/p>\n<p>Bells Brewing Co. Kalamazoo Stout<br \/>\nWhat sounds like a crazy name for a beer is actually a reference to the birthplace of Bell&#8217;s Brewery: Kalamazoo, Michigan. Bell&#8217;s Kalamazoo Stout is a 6% ABV full-bodied stout that features a blend of aromas including bread, toffee, and a hint of coffee paired with tastes of dark chocolate and fresh-roast coffee. Unlike some other stouts in this list, Kalamazoo Stout features a very prominent hop profile, giving it both hop flavor and bitterness.<\/p>\n<p>Dogfish Head Beer for Breakfast<br \/>\nWho says you can\u2019t have a beer for breakfast? Dogfish Head decided to take the idea of \tthe breakfast stout to the next level with their Beer For Breakfast Stout. Originally released in 2014, this beer features a little of everything that makes breakfast great, including Guatemalan Antigua cold press coffee, maple syrup, and Rapa Scrapple. Add to this Applewood-smoked barley, flaked oats, molasses, milk sugars, brown sugar, and roasted chicory and what you have is a 7.4% ABV beer that\u2019s calling for you to make breakfast any time of the day.<\/p>\n<p>Erie Brewing Co. Skipper&#8217;s Stout<br \/>\nThere&#8217;s more to the relationship between coffee and beer beyond having coffee the morning after you had beer. When you combine the roasty bitterness of a stout with the intense flavors found in coffee, you&#8217;re left with the best of both worlds. Erie Brewing releases their Skipper&#8217;s Stout each year as a beer that&#8217;s not like your typical coffee stout by keeping the bitterness low and the subtle flavors in charge. <\/p>\n<p>Brewed with three varietals of coffee as well as cr\u00e8me br\u00fbl\u00e9e, Skipper&#8217;s Stout comes in at 7.2% ABV and a nice low 14 IBU. While this is a winter seasonal, you should still be able to find some hanging around, just waiting to find a good home.<\/p>\n<p>Lancaster Brewing Co. Milk Stout<br \/>\nMilk Stouts are named as such thanks to the addition of milk sugar (lactose) during the brewing process. This gives the beer a fuller body while adding some light sweetness to the beer that otherwise wouldn&#8217;t be possible. Lancaster Brewing&#8217;s Milk Stout has the distinction of being America&#8217;s original craft milk stout, having been brewed by Lancaster since 1995. This 5% ABV beer features notes of coffee, milk chocolate, and roasted malt, all of which pair perfectly with the added milk sugar.<\/p>\n<p>North Country Brewing Co. Buck Snort Stout<br \/>\nNot all stouts have to be low in bitterness, and a prime example of this is North Country Brewing&#8217;s Buck Snort Stout. This West Coast-Style Stout comes in at 7% ABV and relies on its hop profile for most of the greatness found in this beer. Unlike many stouts, this beer features a prominent hop profile instead of the more common coffee, chocolate, and roasted malt character. While there is some roasty malt flavor on the finish, this beer is all about the hops for sure.<\/p>\n<p>Oskar Blues Brewing Co. Old Chub Scotch Ale<br \/>\nScottish Ales are an interesting breed of beer. They&#8217;re dark, yet rarely do these beers feature the flavors you typically associate with dark beers. Old Chub comes in at 8% ABV and like many other Scottish Ales, features prominent aromas and flavors of toasted barley paired with a lightly smoked malt. Together, this gives Old Chub a sweet character that&#8217;s backed up with some alcohol and a slight hint of smoke to make it a truly unique experience.<\/p>\n<p>Otter Creek Brewing Co. Couch Surfer Oatmeal Stout<br \/>\nOne of the newest entries into the year-round lineup at Otter Creek Brewing, Couch Surfer is a dark and delicious stout that has notes of chocolate and coffee as well as a thicker mouthfeel thanks to the oats used in the brewing process. This laid-back stout isn\u2019t one of the big and heavy ones you\u2019d expect in the dead of winter, but instead is velvety-smooth and roasty thanks to the roasted malts used. Couch Surfer is perfect for the middle of summer or a cold winter night, as long as there\u2019s an open seat on the couch that is.<\/p>\n<p>Saugatuck Brewing Co. Neapolitan Milk Stout<br \/>\nWho doesn\u2019t love Neapolitan ice cream? The chocolate, strawberry, and vanilla stripes are a mainstay in the world of ice cream, and for good reason. By themselves these flavors are great, but when combined they\u2019re far more than the sum of their parts. Saugatuck Brewing took this idea to heart when they created their Neapolitan Milk Stout. This 6% ABV beer features a mild bitterness at 37 IBUs, but the real surprise here is how close this beer is to tasting like the ice cream we\u2019ve all grown to love. It\u2019s like a Neapolitan Sundae in a bottle and thankfully it\u2019s available year round.<\/p>\n<p>Smuttynose Brewing Co. Robust Porter<br \/>\nHolding the title of Smuttynose Brewing&#8217;s most award-winning beer is none other than their Robust Porter. This year-round beer comes in at 6.2% ABV and a hefty 60 IBUs, which means it&#8217;s a hophead&#8217;s dream while keeping us dark beer-loving fans happy in the process. While this style of beer may have originated on the docks of London&#8217;s shipyards, today Smuttynose&#8217;s version respects the original while adding some extra hop character to make this beer a truly unique beer.<\/p>\n<p>Troegs Independent Brewing Troegenator<br \/>\nWhat happens when monks need sustenance but don\u2019t want to break their fasting? Simple, they brew a beer that is, for the most part, liquid bread and is known as a doppelbock, or double bock. This original beer, known as \u201cSalvator,\u201d or \u201cSavior,\u201d is still brewed today to be higher in alcohol and full of flavor. Following this long-standing tradition, most double bocks have names that end in \u201cator\u201d and Tr\u00f6egs\u2019 Troegenator is no exception.<\/p>\n<p>Troegenator comes in at a hefty 8.2% ABV and a nice 25 IBU. Tr\u00f6egs version of the double bock is thick and almost chewy with stand-out flavors and aromas of caramel, chocolate, and dried stone fruit. <\/p>\n<p>If you\u2019d rather enjoy Troegenator with food instead of enjoying this \u201cliquid bread\u201d as the monks did, you\u2019ll find that root vegetables, raw shellfish, bitter greens, nuts, smoked meat, and even vanilla ice cream pair extremely well with this \u201csavior\u201d of the beer world.<\/p>\n<p>Weyerbacher Brewing Co. Tiny<br \/>\nWrapping up our list of dark beers for St. Paddy&#8217;s day and beyond is Tiny from Weyerbacher Brewing Co. Tiny is anything but small, coming in at a whopping 11.8% ABV. This imperial stout features big flavors of chocolate and roasted barley as well as a balance of Belgian yeast flavor. With a surprising lack of bitter astringency that can accompany beers like this, Tiny is easier to drink than you&#8217;d expect, making this Belgian-style imperial stout a great year-round beer.<\/p>\n","protected":false},"excerpt":{"rendered":"<p>Dark Brews for St. Paddy\u2019s Day and Beyond March brings with it not only the hope for an early end to winter, but one of our favorite holidays, too. St. Patrick\u2019s Day is celebrated around the world as a way to relax and have some fun, and while we can\u2019t condone any green beer, we [&hellip;]<\/p>\n","protected":false},"author":1,"featured_media":0,"parent":0,"menu_order":0,"comment_status":"closed","ping_status":"closed","template":"","meta":{"ngg_post_thumbnail":0,"footnotes":""},"class_list":["post-1777","page","type-page","status-publish","hentry"],"jetpack_shortlink":"https:\/\/wp.me\/P8aPSh-sF","jetpack_sharing_enabled":true,"_links":{"self":[{"href":"https:\/\/www.nightwire.net\/index.php?rest_route=\/wp\/v2\/pages\/1777","targetHints":{"allow":["GET"]}}],"collection":[{"href":"https:\/\/www.nightwire.net\/index.php?rest_route=\/wp\/v2\/pages"}],"about":[{"href":"https:\/\/www.nightwire.net\/index.php?rest_route=\/wp\/v2\/types\/page"}],"author":[{"embeddable":true,"href":"https:\/\/www.nightwire.net\/index.php?rest_route=\/wp\/v2\/users\/1"}],"replies":[{"embeddable":true,"href":"https:\/\/www.nightwire.net\/index.php?rest_route=%2Fwp%2Fv2%2Fcomments&post=1777"}],"version-history":[{"count":1,"href":"https:\/\/www.nightwire.net\/index.php?rest_route=\/wp\/v2\/pages\/1777\/revisions"}],"predecessor-version":[{"id":1778,"href":"https:\/\/www.nightwire.net\/index.php?rest_route=\/wp\/v2\/pages\/1777\/revisions\/1778"}],"wp:attachment":[{"href":"https:\/\/www.nightwire.net\/index.php?rest_route=%2Fwp%2Fv2%2Fmedia&parent=1777"}],"curies":[{"name":"wp","href":"https:\/\/api.w.org\/{rel}","templated":true}]}}